{"id":2,"date":"2021-09-01T20:40:59","date_gmt":"2021-09-01T20:40:59","guid":{"rendered":"https:\/\/roprada.com.ar\/reuma\/?page_id=2"},"modified":"2021-09-02T21:23:09","modified_gmt":"2021-09-02T21:23:09","slug":"servicio-de-reumamtologia","status":"publish","type":"page","link":"https:\/\/roprada.com.ar\/reuma\/index.php\/servicio-de-reumamtologia\/","title":{"rendered":"Servicio de Reumatolog\u00eda"},"content":{"rendered":"\n<h3>Frente del Hospital Gral. San Mart\u00edn &#8211; LA PLATA <\/h3>\n\n\n\n<figure class=\"wp-block-image size-full\"><img loading=\"lazy\" width=\"1004\" height=\"565\" src=\"https:\/\/roprada.com.ar\/reuma\/wp-content\/uploads\/2021\/09\/reumahsm_frente2.jpg\" alt=\"\" class=\"wp-image-101\" srcset=\"https:\/\/roprada.com.ar\/reuma\/wp-content\/uploads\/2021\/09\/reumahsm_frente2.jpg 1004w, https:\/\/roprada.com.ar\/reuma\/wp-content\/uploads\/2021\/09\/reumahsm_frente2-300x169.jpg 300w, https:\/\/roprada.com.ar\/reuma\/wp-content\/uploads\/2021\/09\/reumahsm_frente2-768x432.jpg 768w\" sizes=\"(max-width: 1004px) 100vw, 1004px\" \/><\/figure>\n\n\n\n<blockquote class=\"wp-block-quote\"><p>Ser el Hospital General de alta complejidad m\u00e1s importante de la Provincia de Buenos Aires y ubicarse en los primeros lugares a nivel nacional centrando la organizaci\u00f3n en las necesidades de la poblaci\u00f3n; brindando servicios de alta complejidad fundados en la mejora continua de la calidad de atenci\u00f3n y en la medicina basada en la evidencia, mejorando las condiciones de trabajo y medio ambiente de los trabajadores, promoviendo el trabajo en equipo e insertados en una red prestacional de complejidad creciente dentro del sistema de salud provincial y nacional.<\/p><\/blockquote>\n\n\n\n<div style=\"height:100px\" aria-hidden=\"true\" class=\"wp-block-spacer\"><\/div>\n","protected":false},"excerpt":{"rendered":"<p>Frente del Hospital Gral. San Mart\u00edn &#8211; LA PLATA Ser el Hospital General de alta complejidad m\u00e1s importante de la Provincia de Buenos Aires y ubicarse en los primeros lugares a nivel nacional centrando la organizaci\u00f3n en las necesidades de la poblaci\u00f3n; brindando servicios de alta complejidad fundados en la mejora continua de la calidad&hellip;&nbsp;<a href=\"https:\/\/roprada.com.ar\/reuma\/index.php\/servicio-de-reumamtologia\/\" class=\"\" rel=\"bookmark\">Leer m\u00e1s &raquo;<span class=\"screen-reader-text\">Servicio de Reumatolog\u00eda<\/span><\/a><\/p>\n","protected":false},"author":1,"featured_media":47,"parent":0,"menu_order":0,"comment_status":"closed","ping_status":"open","template":"","meta":{"om_disable_all_campaigns":false,"neve_meta_sidebar":"","neve_meta_container":"","neve_meta_enable_content_width":"","neve_meta_content_width":0,"neve_meta_title_alignment":"","neve_meta_author_avatar":"","neve_post_elements_order":"","neve_meta_disable_header":"","neve_meta_disable_footer":"","neve_meta_disable_title":"","_ti_tpc_template_sync":false,"_ti_tpc_template_id":""},"_links":{"self":[{"href":"https:\/\/roprada.com.ar\/reuma\/index.php\/wp-json\/wp\/v2\/pages\/2"}],"collection":[{"href":"https:\/\/roprada.com.ar\/reuma\/index.php\/wp-json\/wp\/v2\/pages"}],"about":[{"href":"https:\/\/roprada.com.ar\/reuma\/index.php\/wp-json\/wp\/v2\/types\/page"}],"author":[{"embeddable":true,"href":"https:\/\/roprada.com.ar\/reuma\/index.php\/wp-json\/wp\/v2\/users\/1"}],"replies":[{"embeddable":true,"href":"https:\/\/roprada.com.ar\/reuma\/index.php\/wp-json\/wp\/v2\/comments?post=2"}],"version-history":[{"count":1,"href":"https:\/\/roprada.com.ar\/reuma\/index.php\/wp-json\/wp\/v2\/pages\/2\/revisions"}],"predecessor-version":[{"id":102,"href":"https:\/\/roprada.com.ar\/reuma\/index.php\/wp-json\/wp\/v2\/pages\/2\/revisions\/102"}],"wp:featuredmedia":[{"embeddable":true,"href":"https:\/\/roprada.com.ar\/reuma\/index.php\/wp-json\/wp\/v2\/media\/47"}],"wp:attachment":[{"href":"https:\/\/roprada.com.ar\/reuma\/index.php\/wp-json\/wp\/v2\/media?parent=2"}],"curies":[{"name":"wp","href":"https:\/\/api.w.org\/{rel}","templated":true}]}}